{"id":2,"date":"2010-12-08T22:44:37","date_gmt":"2010-12-08T21:44:37","guid":{"rendered":"http:\/\/testing.quickinstall.com\/w1\/?page_id=2"},"modified":"2013-04-08T20:18:13","modified_gmt":"2013-04-08T18:18:13","slug":"acercade","status":"publish","type":"page","link":"http:\/\/proyectosguerrilla.com\/blog\/acercade\/","title":{"rendered":"Acerca de&#8230;"},"content":{"rendered":"<p>Blog personal de Xavier Estruga, un ingeniero apasionado por las nuevas tecnolog\u00edas y la optimizaci\u00f3n.<\/p>\n<p>Tras muchos a\u00f1os metido en proyectos internacionales para la optimizaci\u00f3n de las operaciones, la gesti\u00f3n de la cadena de suministro y el desarrollo de sistemas avanzados de planificaci\u00f3n me ha picado el gusanito de la escritura (qui\u00e9n me lo tenia que decir), as\u00ed que en mis escasos ratos libres publico art\u00edculos en este blog.<\/p>\n<p>Enfocado desde siempre en mejorar las cosas intento desde aqu\u00ed poner\u00a0mi granito de arena para mejorar como funciona el mundo.<\/p>\n","protected":false},"excerpt":{"rendered":"<p>Blog personal de Xavier Estruga, un ingeniero apasionado por las nuevas tecnolog\u00edas y la optimizaci\u00f3n. Tras muchos a\u00f1os metido en proyectos internacionales para la optimizaci\u00f3n de las operaciones, la gesti\u00f3n de la cadena de suministro y el desarrollo de sistemas avanzados de planificaci\u00f3n me ha picado el gusanito de la escritura (qui\u00e9n me lo tenia [&#8230;]<\/p>\n","protected":false},"author":3,"featured_media":0,"parent":0,"menu_order":0,"comment_status":"open","ping_status":"closed","template":"","meta":{"_monsterinsights_skip_tracking":false,"_monsterinsights_sitenote_active":false,"_monsterinsights_sitenote_note":"","_monsterinsights_sitenote_category":0,"jetpack_post_was_ever_published":false,"footnotes":""},"class_list":["post-2","page","type-page","status-publish","hentry"],"yoast_head":"<!-- This site is optimized with the Yoast SEO plugin v24.2 - https:\/\/yoast.com\/wordpress\/plugins\/seo\/ -->\n<title>Acerca de... - Proyectos de Guerrilla<\/title>\n<meta name=\"description\" content=\"Blog personal de Xavier Estruga\" \/>\n<meta name=\"robots\" content=\"index, follow, max-snippet:-1, max-image-preview:large, max-video-preview:-1\" \/>\n<link rel=\"canonical\" href=\"http:\/\/proyectosguerrilla.com\/blog\/acercade\/\" \/>\n<meta property=\"og:locale\" content=\"es_ES\" \/>\n<meta property=\"og:type\" content=\"article\" \/>\n<meta property=\"og:title\" content=\"Acerca de... - Proyectos de Guerrilla\" \/>\n<meta property=\"og:description\" content=\"Blog personal de Xavier Estruga\" \/>\n<meta property=\"og:url\" content=\"http:\/\/proyectosguerrilla.com\/blog\/acercade\/\" \/>\n<meta property=\"og:site_name\" content=\"Proyectos de Guerrilla\" \/>\n<meta property=\"article:modified_time\" content=\"2013-04-08T18:18:13+00:00\" \/>\n<script type=\"application\/ld+json\" class=\"yoast-schema-graph\">{\"@context\":\"https:\/\/schema.org\",\"@graph\":[{\"@type\":\"WebPage\",\"@id\":\"http:\/\/proyectosguerrilla.com\/blog\/acercade\/\",\"url\":\"http:\/\/proyectosguerrilla.com\/blog\/acercade\/\",\"name\":\"Acerca de... - Proyectos de Guerrilla\",\"isPartOf\":{\"@id\":\"http:\/\/proyectosguerrilla.com\/blog\/#website\"},\"datePublished\":\"2010-12-08T21:44:37+00:00\",\"dateModified\":\"2013-04-08T18:18:13+00:00\",\"description\":\"Blog personal de Xavier Estruga\",\"inLanguage\":\"es\",\"potentialAction\":[{\"@type\":\"ReadAction\",\"target\":[\"http:\/\/proyectosguerrilla.com\/blog\/acercade\/\"]}]},{\"@type\":\"WebSite\",\"@id\":\"http:\/\/proyectosguerrilla.com\/blog\/#website\",\"url\":\"http:\/\/proyectosguerrilla.com\/blog\/\",\"name\":\"Proyectos de Guerrilla\",\"description\":\"sobre sistemas, operaciones y la cadena de suministro...\",\"potentialAction\":[{\"@type\":\"SearchAction\",\"target\":{\"@type\":\"EntryPoint\",\"urlTemplate\":\"http:\/\/proyectosguerrilla.com\/blog\/?s={search_term_string}\"},\"query-input\":{\"@type\":\"PropertyValueSpecification\",\"valueRequired\":true,\"valueName\":\"search_term_string\"}}],\"inLanguage\":\"es\"}]}<\/script>\n<!-- \/ Yoast SEO plugin. -->","yoast_head_json":{"title":"Acerca de... - Proyectos de Guerrilla","description":"Blog personal de Xavier Estruga","robots":{"index":"index","follow":"follow","max-snippet":"max-snippet:-1","max-image-preview":"max-image-preview:large","max-video-preview":"max-video-preview:-1"},"canonical":"http:\/\/proyectosguerrilla.com\/blog\/acercade\/","og_locale":"es_ES","og_type":"article","og_title":"Acerca de... - Proyectos de Guerrilla","og_description":"Blog personal de Xavier Estruga","og_url":"http:\/\/proyectosguerrilla.com\/blog\/acercade\/","og_site_name":"Proyectos de Guerrilla","article_modified_time":"2013-04-08T18:18:13+00:00","schema":{"@context":"https:\/\/schema.org","@graph":[{"@type":"WebPage","@id":"http:\/\/proyectosguerrilla.com\/blog\/acercade\/","url":"http:\/\/proyectosguerrilla.com\/blog\/acercade\/","name":"Acerca de... - Proyectos de Guerrilla","isPartOf":{"@id":"http:\/\/proyectosguerrilla.com\/blog\/#website"},"datePublished":"2010-12-08T21:44:37+00:00","dateModified":"2013-04-08T18:18:13+00:00","description":"Blog personal de Xavier Estruga","inLanguage":"es","potentialAction":[{"@type":"ReadAction","target":["http:\/\/proyectosguerrilla.com\/blog\/acercade\/"]}]},{"@type":"WebSite","@id":"http:\/\/proyectosguerrilla.com\/blog\/#website","url":"http:\/\/proyectosguerrilla.com\/blog\/","name":"Proyectos de Guerrilla","description":"sobre sistemas, operaciones y la cadena de suministro...","potentialAction":[{"@type":"SearchAction","target":{"@type":"EntryPoint","urlTemplate":"http:\/\/proyectosguerrilla.com\/blog\/?s={search_term_string}"},"query-input":{"@type":"PropertyValueSpecification","valueRequired":true,"valueName":"search_term_string"}}],"inLanguage":"es"}]}},"jetpack_shortlink":"https:\/\/wp.me\/P2P1Bl-2","jetpack_sharing_enabled":true,"_links":{"self":[{"href":"http:\/\/proyectosguerrilla.com\/blog\/wp-json\/wp\/v2\/pages\/2","targetHints":{"allow":["GET"]}}],"collection":[{"href":"http:\/\/proyectosguerrilla.com\/blog\/wp-json\/wp\/v2\/pages"}],"about":[{"href":"http:\/\/proyectosguerrilla.com\/blog\/wp-json\/wp\/v2\/types\/page"}],"author":[{"embeddable":true,"href":"http:\/\/proyectosguerrilla.com\/blog\/wp-json\/wp\/v2\/users\/3"}],"replies":[{"embeddable":true,"href":"http:\/\/proyectosguerrilla.com\/blog\/wp-json\/wp\/v2\/comments?post=2"}],"version-history":[{"count":9,"href":"http:\/\/proyectosguerrilla.com\/blog\/wp-json\/wp\/v2\/pages\/2\/revisions"}],"predecessor-version":[{"id":96,"href":"http:\/\/proyectosguerrilla.com\/blog\/wp-json\/wp\/v2\/pages\/2\/revisions\/96"}],"wp:attachment":[{"href":"http:\/\/proyectosguerrilla.com\/blog\/wp-json\/wp\/v2\/media?parent=2"}],"curies":[{"name":"wp","href":"https:\/\/api.w.org\/{rel}","templated":true}]}}